{"id":242,"date":"2019-07-09T15:56:53","date_gmt":"2019-07-09T15:56:53","guid":{"rendered":"https:\/\/cincinatos.org\/portal\/?page_id=242"},"modified":"2020-02-10T23:49:32","modified_gmt":"2020-02-10T23:49:32","slug":"inicio","status":"publish","type":"page","link":"https:\/\/cincinatos.org\/portal\/","title":{"rendered":"Inicio"},"content":{"rendered":"\t\t<div data-elementor-type=\"wp-page\" data-elementor-id=\"242\" class=\"elementor elementor-242\">\n\t\t\t\t\t\t<div class=\"elementor-inner\">\n\t\t\t\t<div class=\"elementor-section-wrap\">\n\t\t\t\t\t\t\t\t\t<section class=\"elementor-section elementor-top-section elementor-element elementor-element-b4ec2a1 elementor-section-boxed elementor-section-height-default elementor-section-height-default\" data-id=\"b4ec2a1\" data-element_type=\"section\">\n\t\t\t\t\t\t<div class=\"elementor-container elementor-column-gap-default\">\n\t\t\t\t\t\t\t<div class=\"elementor-row\">\n\t\t\t\t\t<div class=\"elementor-column elementor-col-100 elementor-top-column elementor-element elementor-element-78cc327\" data-id=\"78cc327\" data-element_type=\"column\">\n\t\t\t<div class=\"elementor-column-wrap elementor-element-populated\">\n\t\t\t\t\t\t\t<div class=\"elementor-widget-wrap\">\n\t\t\t\t\t\t<div class=\"elementor-element elementor-element-d225b51 elementor-widget elementor-widget-heading\" data-id=\"d225b51\" data-element_type=\"widget\" data-widget_type=\"heading.default\">\n\t\t\t\t<div class=\"elementor-widget-container\">\n\t\t\t<h2 class=\"elementor-heading-title elementor-size-xl\">QUI\u00c9NES SOMOS<\/h2>\t\t<\/div>\n\t\t\t\t<\/div>\n\t\t\t\t\t\t<\/div>\n\t\t\t\t\t<\/div>\n\t\t<\/div>\n\t\t\t\t\t\t\t\t<\/div>\n\t\t\t\t\t<\/div>\n\t\t<\/section>\n\t\t\t\t<section class=\"elementor-section elementor-top-section elementor-element elementor-element-127ee564 elementor-section-boxed elementor-section-height-default elementor-section-height-default\" data-id=\"127ee564\" data-element_type=\"section\">\n\t\t\t\t\t\t<div class=\"elementor-container elementor-column-gap-default\">\n\t\t\t\t\t\t\t<div class=\"elementor-row\">\n\t\t\t\t\t<div class=\"elementor-column elementor-col-100 elementor-top-column elementor-element elementor-element-40dbc737\" data-id=\"40dbc737\" data-element_type=\"column\">\n\t\t\t<div class=\"elementor-column-wrap elementor-element-populated\">\n\t\t\t\t\t\t\t<div class=\"elementor-widget-wrap\">\n\t\t\t\t\t\t<div class=\"elementor-element elementor-element-4b3e0a34 elementor-widget elementor-widget-text-editor\" data-id=\"4b3e0a34\" data-element_type=\"widget\" data-widget_type=\"text-editor.default\">\n\t\t\t\t<div class=\"elementor-widget-container\">\n\t\t\t\t\t\t\t\t<div class=\"elementor-text-editor elementor-clearfix\">\n\t\t\t\t<p><img decoding=\"async\" loading=\"lazy\" class=\"wp-image-527 alignright\" src=\"https:\/\/cincinatos.org\/portal\/wp-content\/uploads\/2019\/12\/zpage080.gif\" alt=\"\" width=\"163\" height=\"178\" \/><\/p><p>Personas de la sociedad civil unidas por valores como el respeto, el di\u00e1logo, la tolerancia, el compromiso desinteresado por el bien com\u00fan, la responsabilidad individual, la lucha contra la corrupci\u00f3n, la regeneraci\u00f3n real de la vida pol\u00edtica, la transparencia, la libertad pol\u00edtica y la igualdad de todos los espa\u00f1oles ante la Ley que confluimos en una misma organizaci\u00f3n interesada en instaurar entre los representantes pol\u00edticos los principios que rigieron la actuaci\u00f3n de nuestro referente hist\u00f3rico, Cincinato.<\/p>\t\t\t\t\t<\/div>\n\t\t\t\t\t\t<\/div>\n\t\t\t\t<\/div>\n\t\t\t\t\t\t<\/div>\n\t\t\t\t\t<\/div>\n\t\t<\/div>\n\t\t\t\t\t\t\t\t<\/div>\n\t\t\t\t\t<\/div>\n\t\t<\/section>\n\t\t\t\t<section class=\"elementor-section elementor-top-section elementor-element elementor-element-b4c357f elementor-section-boxed elementor-section-height-default elementor-section-height-default\" data-id=\"b4c357f\" data-element_type=\"section\">\n\t\t\t\t\t\t<div class=\"elementor-container elementor-column-gap-default\">\n\t\t\t\t\t\t\t<div class=\"elementor-row\">\n\t\t\t\t\t<div class=\"elementor-column elementor-col-66 elementor-top-column elementor-element elementor-element-1820eb3\" data-id=\"1820eb3\" data-element_type=\"column\">\n\t\t\t<div class=\"elementor-column-wrap elementor-element-populated\">\n\t\t\t\t\t\t\t<div class=\"elementor-widget-wrap\">\n\t\t\t\t\t\t<div class=\"elementor-element elementor-element-c2f3566 elementor-widget elementor-widget-text-editor\" data-id=\"c2f3566\" data-element_type=\"widget\" data-widget_type=\"text-editor.default\">\n\t\t\t\t<div class=\"elementor-widget-container\">\n\t\t\t\t\t\t\t\t<div class=\"elementor-text-editor elementor-clearfix\">\n\t\t\t\t<h2 class=\"entry-title\">FAQ\u00b4s o preguntas frecuentes sobre Cincinatos<\/h2>\t\t\t\t\t<\/div>\n\t\t\t\t\t\t<\/div>\n\t\t\t\t<\/div>\n\t\t\t\t\t\t<\/div>\n\t\t\t\t\t<\/div>\n\t\t<\/div>\n\t\t\t\t<div class=\"elementor-column elementor-col-33 elementor-top-column elementor-element elementor-element-99581b7\" data-id=\"99581b7\" data-element_type=\"column\">\n\t\t\t<div class=\"elementor-column-wrap elementor-element-populated\">\n\t\t\t\t\t\t\t<div class=\"elementor-widget-wrap\">\n\t\t\t\t\t\t<div class=\"elementor-element elementor-element-825ccb3 elementor-widget elementor-widget-button\" data-id=\"825ccb3\" data-element_type=\"widget\" data-widget_type=\"button.default\">\n\t\t\t\t<div class=\"elementor-widget-container\">\n\t\t\t\t\t<div class=\"elementor-button-wrapper\">\n\t\t\t<a class=\"elementor-button elementor-button-link elementor-size-sm\" href=\"https:\/\/cincinatos.org\/portal\/faqs\/\">\n\t\t\t\t\t\t<span class=\"elementor-button-content-wrapper\">\n\t\t\t\t\t\t<span class=\"elementor-button-icon elementor-align-icon-left\">\n\t\t\t\t<i aria-hidden=\"true\" class=\"far fa-comment-dots\"><\/i>\t\t\t<\/span>\n\t\t\t\t\t\t<span class=\"elementor-button-text\">Ver las FAQ\u00b4s<\/span>\n\t\t<\/span>\n\t\t\t\t\t<\/a>\n\t\t<\/div>\n\t\t\t\t<\/div>\n\t\t\t\t<\/div>\n\t\t\t\t\t\t<\/div>\n\t\t\t\t\t<\/div>\n\t\t<\/div>\n\t\t\t\t\t\t\t\t<\/div>\n\t\t\t\t\t<\/div>\n\t\t<\/section>\n\t\t\t\t<section class=\"elementor-section elementor-top-section elementor-element elementor-element-a175fbd elementor-section-boxed elementor-section-height-default elementor-section-height-default\" data-id=\"a175fbd\" data-element_type=\"section\">\n\t\t\t\t\t\t<div class=\"elementor-container elementor-column-gap-default\">\n\t\t\t\t\t\t\t<div class=\"elementor-row\">\n\t\t\t\t\t<div class=\"elementor-column elementor-col-100 elementor-top-column elementor-element elementor-element-567dc79\" data-id=\"567dc79\" data-element_type=\"column\">\n\t\t\t<div class=\"elementor-column-wrap elementor-element-populated\">\n\t\t\t\t\t\t\t<div class=\"elementor-widget-wrap\">\n\t\t\t\t\t\t<div class=\"elementor-element elementor-element-ba5ecc5 elementor-widget-divider--view-line elementor-widget elementor-widget-divider\" data-id=\"ba5ecc5\" data-element_type=\"widget\" data-widget_type=\"divider.default\">\n\t\t\t\t<div class=\"elementor-widget-container\">\n\t\t\t\t\t<div class=\"elementor-divider\">\n\t\t\t<span class=\"elementor-divider-separator\">\n\t\t\t\t\t\t<\/span>\n\t\t<\/div>\n\t\t\t\t<\/div>\n\t\t\t\t<\/div>\n\t\t\t\t\t\t<\/div>\n\t\t\t\t\t<\/div>\n\t\t<\/div>\n\t\t\t\t\t\t\t\t<\/div>\n\t\t\t\t\t<\/div>\n\t\t<\/section>\n\t\t\t\t<section class=\"elementor-section elementor-top-section elementor-element elementor-element-9d07d85 elementor-section-boxed elementor-section-height-default elementor-section-height-default\" data-id=\"9d07d85\" data-element_type=\"section\">\n\t\t\t\t\t\t<div class=\"elementor-container elementor-column-gap-default\">\n\t\t\t\t\t\t\t<div class=\"elementor-row\">\n\t\t\t\t\t<div class=\"elementor-column elementor-col-100 elementor-top-column elementor-element elementor-element-790917c\" data-id=\"790917c\" data-element_type=\"column\">\n\t\t\t<div class=\"elementor-column-wrap elementor-element-populated\">\n\t\t\t\t\t\t\t<div class=\"elementor-widget-wrap\">\n\t\t\t\t\t\t<div class=\"elementor-element elementor-element-e2895b6 elementor-widget elementor-widget-heading\" data-id=\"e2895b6\" data-element_type=\"widget\" data-widget_type=\"heading.default\">\n\t\t\t\t<div class=\"elementor-widget-container\">\n\t\t\t<h2 class=\"elementor-heading-title elementor-size-xl\">EN PORTADA<\/h2>\t\t<\/div>\n\t\t\t\t<\/div>\n\t\t\t\t\t\t<\/div>\n\t\t\t\t\t<\/div>\n\t\t<\/div>\n\t\t\t\t\t\t\t\t<\/div>\n\t\t\t\t\t<\/div>\n\t\t<\/section>\n\t\t\t\t<section class=\"elementor-section elementor-top-section elementor-element elementor-element-3a83536 elementor-section-boxed elementor-section-height-default elementor-section-height-default\" data-id=\"3a83536\" data-element_type=\"section\">\n\t\t\t\t\t\t<div class=\"elementor-container elementor-column-gap-default\">\n\t\t\t\t\t\t\t<div class=\"elementor-row\">\n\t\t\t\t\t<div class=\"elementor-column elementor-col-100 elementor-top-column elementor-element elementor-element-9c55843\" data-id=\"9c55843\" data-element_type=\"column\">\n\t\t\t<div class=\"elementor-column-wrap elementor-element-populated\">\n\t\t\t\t\t\t\t<div class=\"elementor-widget-wrap\">\n\t\t\t\t\t\t<div class=\"elementor-element elementor-element-18b61c2 elementor-widget elementor-widget-text-editor\" data-id=\"18b61c2\" data-element_type=\"widget\" data-widget_type=\"text-editor.default\">\n\t\t\t\t<div class=\"elementor-widget-container\">\n\t\t\t\t\t\t\t\t<div class=\"elementor-text-editor elementor-clearfix\">\n\t\t\t\t<p>Le mostramos\u00a0 la \u00faltima entrada publicada. Para acceder al resto de publicaciones podr\u00e1 realizar una b\u00fasqueda por \u00faltimos art\u00edculos, palabras clave, categor\u00edas o bien seleccionarlos por fecha de publicaci\u00f3n. Si desea compartir en sus redes sociales es libre de hacerlo, para ello tan solo pulse sobre los iconos que encontrar\u00e1 al final de cada articulo.<\/p>\t\t\t\t\t<\/div>\n\t\t\t\t\t\t<\/div>\n\t\t\t\t<\/div>\n\t\t\t\t\t\t<\/div>\n\t\t\t\t\t<\/div>\n\t\t<\/div>\n\t\t\t\t\t\t\t\t<\/div>\n\t\t\t\t\t<\/div>\n\t\t<\/section>\n\t\t\t\t<section class=\"elementor-section elementor-top-section elementor-element elementor-element-0cafac3 elementor-section-boxed elementor-section-height-default elementor-section-height-default\" data-id=\"0cafac3\" data-element_type=\"section\">\n\t\t\t\t\t\t<div class=\"elementor-container elementor-column-gap-default\">\n\t\t\t\t\t\t\t<div class=\"elementor-row\">\n\t\t\t\t\t<div class=\"elementor-column elementor-col-100 elementor-top-column elementor-element elementor-element-26fc9ce\" data-id=\"26fc9ce\" data-element_type=\"column\">\n\t\t\t<div class=\"elementor-column-wrap elementor-element-populated\">\n\t\t\t\t\t\t\t<div class=\"elementor-widget-wrap\">\n\t\t\t\t\t\t<div class=\"elementor-element elementor-element-37702f2 elementor-invisible elementor-widget elementor-widget-shortcode\" data-id=\"37702f2\" data-element_type=\"widget\" data-settings=\"{&quot;_animation&quot;:&quot;fadeInDown&quot;}\" data-widget_type=\"shortcode.default\">\n\t\t\t\t<div class=\"elementor-widget-container\">\n\t\t\t\t\t<div class=\"elementor-shortcode\"><style>.wp-show-posts-columns#wpsp-452 {margin-left: -2em; }.wp-show-posts-columns#wpsp-452 .wp-show-posts-inner {margin: 0 0 2em 2em; }<\/style><section id=\"wpsp-452\" class=\" wp-show-posts\" style=\"\"><article class=\" wp-show-posts-single wpsp-clearfix post-965 post type-post status-publish format-standard hentry category-cataluna tag-cataluna tag-gobierno-de-espana tag-investidura tag-ley-de-amnistia\" itemtype=\"http:\/\/schema.org\/CreativeWork\" itemscope><div class=\"wp-show-posts-inner\" style=\"\">\t\t\t\t\t\t<header class=\"wp-show-posts-entry-header\">\n\t\t\t\t\t\t\t<h2 class=\"wp-show-posts-entry-title\" itemprop=\"headline\"><a href=\"https:\/\/cincinatos.org\/portal\/impunidad-por-investidura-corrupcion\/\" rel=\"bookmark\">Impunidad por investidura: corrupci\u00f3n<\/a><\/h2><div class=\"wp-show-posts-entry-meta wp-show-posts-entry-meta-below-title post-meta-inline\"><span class=\"wp-show-posts-byline wp-show-posts-meta\">\n\t\t\t\t\t<span class=\"wp-show-posts-author vcard\" itemtype=\"http:\/\/schema.org\/Person\" itemscope=\"itemscope\" itemprop=\"author\">\n\t\t\t\t\t\t<a class=\"url fn n\" href=\"https:\/\/cincinatos.org\/portal\/author\/cincinatos-org\/\" title=\"Ver todas las entradas de CINCINATOS.org\" rel=\"author\" itemprop=\"url\">\n\t\t\t\t\t\t\t<span class=\"author-name\" itemprop=\"name\">CINCINATOS.org<\/span>\n\t\t\t\t\t\t<\/a>\n\t\t\t\t\t<\/span>\n\t\t\t\t<\/span> <span class=\"wp-show-posts-separator\">|<\/span> <span class=\"wp-show-posts-posted-on wp-show-posts-meta\">\n\t\t\t\t\t<a href=\"https:\/\/cincinatos.org\/portal\/impunidad-por-investidura-corrupcion\/\" title=\"1:00 pm\" rel=\"bookmark\"><time class=\"wp-show-posts-entry-date published\" datetime=\"2023-11-27T13:00:27+00:00\" itemprop=\"datePublished\">noviembre 27, 2023<\/time><\/a>\n\t\t\t\t<\/span><\/div>\t\t\t\t\t\t<\/header><!-- .entry-header -->\n\t\t\t\t\t\t\t\t\t\t\t<div class=\"wp-show-posts-entry-content\" itemprop=\"text\">\n\t\t\t\t\t\t\t<div class=\"separator\"><a href=\"https:\/\/blogger.googleusercontent.com\/img\/b\/R29vZ2xl\/AVvXsEji7M5xpx-CjjqofJwncS50B6mP9mU8-YgFz4mQqW1RJY-sbQXg7rqS4zXTn933TMrkXUblwmO-kLhOy6bBXoJZ7q5tc_nIiA2NlYFQoe2cc0zv6IcyALBp4WttI6E7ybebzYg1ViZk46Q4D2Pt0cA_y6ENu6O8dZ7ILGnwmNpOsVaL3DiITSjp1oVRn7w\/s1619\/IMG_1779%20(1).JPG\"><img decoding=\"async\" loading=\"lazy\" class=\"aligncenter\" src=\"https:\/\/blogger.googleusercontent.com\/img\/b\/R29vZ2xl\/AVvXsEji7M5xpx-CjjqofJwncS50B6mP9mU8-YgFz4mQqW1RJY-sbQXg7rqS4zXTn933TMrkXUblwmO-kLhOy6bBXoJZ7q5tc_nIiA2NlYFQoe2cc0zv6IcyALBp4WttI6E7ybebzYg1ViZk46Q4D2Pt0cA_y6ENu6O8dZ7ILGnwmNpOsVaL3DiITSjp1oVRn7w\/w640-h426\/IMG_1779%20(1).JPG\" width=\"640\" height=\"426\" border=\"0\" data-original-height=\"1080\" data-original-width=\"1619\" \/><\/a><\/div>\n<p><b>Art\u00edculo de Luis Mar\u00edn Sicilia\u00a0<\/b><\/p>\n<p>Desde que S\u00e1nchez hizo de la necesidad virtud, comprando los siete votos del golpismo catal\u00e1n a cambio de su investidura, el pa\u00eds ha entrado en una din\u00e1mica de recelos, incertidumbre y convulsi\u00f3n social que va m\u00e1s all\u00e1 de la mera constitucionalidad o no de la amnist\u00eda privilegiada a unos delincuentes, que dejar\u00edan de serlo en cuanto tal medida entrara en vigor, a cambio de poner en entredicho la conducta de todas las instituciones, empezando por la judicial y acabando por la Corona, que hicieron frente, con todas las herramientas legales, a la asonada de los sediciosos.<\/p>\n\t\t\t\t\t\t<\/div><!-- .entry-content -->\n\t\t\t\t\t<div class=\"wpsp-read-more\"><a title=\"Impunidad por investidura: corrupci\u00f3n\" class=\"wp-show-posts-read-more\" href=\"https:\/\/cincinatos.org\/portal\/impunidad-por-investidura-corrupcion\/\">Leer m\u00e1s<\/a><\/div><\/div><!-- wp-show-posts-inner --><div class=\"wpsp-clear\"><\/div><\/article><\/section><!-- .wp-show-posts --><\/div>\n\t\t\t\t<\/div>\n\t\t\t\t<\/div>\n\t\t\t\t\t\t<\/div>\n\t\t\t\t\t<\/div>\n\t\t<\/div>\n\t\t\t\t\t\t\t\t<\/div>\n\t\t\t\t\t<\/div>\n\t\t<\/section>\n\t\t\t\t<section class=\"elementor-section elementor-top-section elementor-element elementor-element-a09a230 elementor-section-boxed elementor-section-height-default elementor-section-height-default\" data-id=\"a09a230\" data-element_type=\"section\">\n\t\t\t\t\t\t<div class=\"elementor-container elementor-column-gap-default\">\n\t\t\t\t\t\t\t<div class=\"elementor-row\">\n\t\t\t\t\t<div class=\"elementor-column elementor-col-100 elementor-top-column elementor-element elementor-element-6bf2e42\" data-id=\"6bf2e42\" data-element_type=\"column\">\n\t\t\t<div class=\"elementor-column-wrap elementor-element-populated\">\n\t\t\t\t\t\t\t<div class=\"elementor-widget-wrap\">\n\t\t\t\t\t\t<div class=\"elementor-element elementor-element-4fcb9cb elementor-widget-divider--view-line elementor-widget elementor-widget-divider\" data-id=\"4fcb9cb\" data-element_type=\"widget\" data-widget_type=\"divider.default\">\n\t\t\t\t<div class=\"elementor-widget-container\">\n\t\t\t\t\t<div class=\"elementor-divider\">\n\t\t\t<span class=\"elementor-divider-separator\">\n\t\t\t\t\t\t<\/span>\n\t\t<\/div>\n\t\t\t\t<\/div>\n\t\t\t\t<\/div>\n\t\t\t\t\t\t<\/div>\n\t\t\t\t\t<\/div>\n\t\t<\/div>\n\t\t\t\t\t\t\t\t<\/div>\n\t\t\t\t\t<\/div>\n\t\t<\/section>\n\t\t\t\t\t\t\t\t\t<\/div>\n\t\t\t<\/div>\n\t\t\t\t\t<\/div>\n\t\t","protected":false},"excerpt":{"rendered":"<p>QUI\u00c9NES SOMOS Personas de la sociedad civil unidas por valores como el respeto, el di\u00e1logo, la tolerancia, el compromiso desinteresado por el bien com\u00fan, la responsabilidad individual, la lucha contra la corrupci\u00f3n, la regeneraci\u00f3n real de la vida pol\u00edtica, la transparencia, la libertad pol\u00edtica y la igualdad de todos los espa\u00f1oles ante la Ley que &#8230; <a title=\"Impunidad por investidura: corrupci\u00f3n\" class=\"read-more\" href=\"https:\/\/cincinatos.org\/portal\/impunidad-por-investidura-corrupcion\/\" aria-label=\"M\u00e1s en Impunidad por investidura: corrupci\u00f3n\">Leer m\u00e1s<\/a><\/p>\n","protected":false},"author":1,"featured_media":0,"parent":0,"menu_order":0,"comment_status":"closed","ping_status":"closed","template":"","meta":[],"_links":{"self":[{"href":"https:\/\/cincinatos.org\/portal\/wp-json\/wp\/v2\/pages\/242"}],"collection":[{"href":"https:\/\/cincinatos.org\/portal\/wp-json\/wp\/v2\/pages"}],"about":[{"href":"https:\/\/cincinatos.org\/portal\/wp-json\/wp\/v2\/types\/page"}],"author":[{"embeddable":true,"href":"https:\/\/cincinatos.org\/portal\/wp-json\/wp\/v2\/users\/1"}],"replies":[{"embeddable":true,"href":"https:\/\/cincinatos.org\/portal\/wp-json\/wp\/v2\/comments?post=242"}],"version-history":[{"count":14,"href":"https:\/\/cincinatos.org\/portal\/wp-json\/wp\/v2\/pages\/242\/revisions"}],"predecessor-version":[{"id":656,"href":"https:\/\/cincinatos.org\/portal\/wp-json\/wp\/v2\/pages\/242\/revisions\/656"}],"wp:attachment":[{"href":"https:\/\/cincinatos.org\/portal\/wp-json\/wp\/v2\/media?parent=242"}],"curies":[{"name":"wp","href":"https:\/\/api.w.org\/{rel}","templated":true}]}}