{"id":661,"date":"2020-02-12T22:23:06","date_gmt":"2020-02-12T22:23:06","guid":{"rendered":"https:\/\/cincinatos.org\/portal\/?page_id=661"},"modified":"2020-02-12T22:23:06","modified_gmt":"2020-02-12T22:23:06","slug":"cincinatos-y-la-sociedad-civil","status":"publish","type":"page","link":"https:\/\/cincinatos.org\/portal\/cincinatos-y-la-sociedad-civil\/","title":{"rendered":"Cincinatos y la sociedad civil"},"content":{"rendered":"<p><img decoding=\"async\" loading=\"lazy\" class=\"aligncenter wp-image-662 size-full\" src=\"https:\/\/cincinatos.org\/portal\/wp-content\/uploads\/2020\/02\/rothko.jpg\" alt=\"\" width=\"455\" height=\"500\" srcset=\"https:\/\/cincinatos.org\/portal\/wp-content\/uploads\/2020\/02\/rothko.jpg 455w, https:\/\/cincinatos.org\/portal\/wp-content\/uploads\/2020\/02\/rothko-273x300.jpg 273w\" sizes=\"(max-width: 455px) 100vw, 455px\" \/><\/p>\n<p><strong>Art\u00edculo de Pedro de Tena<\/strong><\/p>\n<p style=\"font-weight: 400;\">La actual Constituci\u00f3n Espa\u00f1ola no menciona la existencia de la sociedad civil, pero se refiere a ella en dos ocasiones. Una, cuando se refiere a la <strong>una sociedad democr\u00e1tica avanzada<\/strong> que se supone forma la sustancia de la Naci\u00f3n. Otra, cuando tiene presente la pluralidad presente en ella para respetar precisamente creencias y lenguas en su seno. De manera expl\u00edcita, la Carta Magna alude a ella en su <strong>art\u00edculo 30 como el conjunto de todos los espa\u00f1oles<\/strong> que tenemos el derecho y el deber de defender a Espa\u00f1a, algo que no es patrimonio exclusivo de los poderes del Estado ni de los partidos pol\u00edticos.<br \/>\n<!--more-->Es m\u00e1s, se prev\u00e9 que puedan establecerse servicios civiles para el cumplimiento de fines de inter\u00e9s general.\u00a0\u00a0Nada m\u00e1s evidente que <strong>la necesidad de la emergencia de una sociedad civil activa<\/strong> para la defensa de la naci\u00f3n espa\u00f1ola, cuya continuidad se ve amenazada por un gobierno que est\u00e1 andando un camino de concesiones a determinadas regiones que dinamitan la solidaridad entre todas las regiones que forman Espa\u00f1a.<\/p>\n<p>Por si fuera poco, el propio texto constitucional exige que condiciones para que la libertad y la igualdad del individuo y de los grupos en que se integra sean reales y efectivas as\u00ed como remover los obst\u00e1culos que impidan o dificulten su plenitud y facilitar la participaci\u00f3n de todos los ciudadanos en la vida pol\u00edtica, econ\u00f3mica, cultural y social.<\/p>\n<p>No s\u00f3lo los partidos pol\u00edticos pueden participar en la formaci\u00f3n y manifestaci\u00f3n de la voluntad popular ni s\u00f3lo los asociaciones sindicales y empresariales pueden conformar la defensa y promoci\u00f3n de los intereses econ\u00f3micos y sociales de los ciudadanos. La sociedad civil activa, la que se organiza en diferentes asociaciones, fundaciones, organizaciones, webs, redes, medios de comunicaci\u00f3n, agrupaciones y otras entidades, tiene <strong>la obligaci\u00f3n de contribuir a definir el Estado de la Naci\u00f3n<\/strong>, velar por valores definidos e influir en las decisiones pol\u00edticas.<\/p>\n<p>Cincinatos considera que <strong>una sociedad civil fuerte y trenzada<\/strong> puede contrarrestar la desviaci\u00f3n partitocr\u00e1tica que ha decepcionado y desilusionado muchas esperanzas democr\u00e1ticas con su falta de respeto a la verdad, con su corrupci\u00f3n demasiado generalizada y con su lejan\u00eda de la vida cotidiana de la Naci\u00f3n.<\/p>\n<p style=\"font-weight: 400;\">Por ello, se constituye como elemento de esa sociedad civil para contribuir a resolver la deformaci\u00f3n de la reconciliaci\u00f3n nacional de la Transici\u00f3n al margen, que no en contra, de los partidos pol\u00edticos. Adem\u00e1s,<strong> desea esforzarse en la coordinaci\u00f3n de todas las entidades que coincidan en un m\u00ednimo de postulados<\/strong> que ayuden a defender la unidad nacional, la libertad y la solidaridad entre las regiones.<\/p>\n<p>#BatallaCultural #SociedadCivil #Cincinatos #Espa\u00f1aInvisible #SomoslaTerceraEspa\u00f1a<\/p>\n<p>&nbsp;<\/p>\n<p><img decoding=\"async\" loading=\"lazy\" class=\"size-medium wp-image-73 aligncenter\" src=\"https:\/\/cincinatos.org\/portal\/wp-content\/uploads\/2019\/06\/Distintivo-CINCINATOS-300x300.jpg\" alt=\"\" width=\"300\" height=\"300\" srcset=\"https:\/\/cincinatos.org\/portal\/wp-content\/uploads\/2019\/06\/Distintivo-CINCINATOS-300x300.jpg 300w, https:\/\/cincinatos.org\/portal\/wp-content\/uploads\/2019\/06\/Distintivo-CINCINATOS-150x150.jpg 150w, https:\/\/cincinatos.org\/portal\/wp-content\/uploads\/2019\/06\/Distintivo-CINCINATOS.jpg 639w\" sizes=\"(max-width: 300px) 100vw, 300px\" \/><\/p>\n<p style=\"font-weight: 400;\">\n","protected":false},"excerpt":{"rendered":"<p>Art\u00edculo de Pedro de Tena La actual Constituci\u00f3n Espa\u00f1ola no menciona la existencia de la sociedad civil, pero se refiere a ella en dos ocasiones. Una, cuando se refiere a la una sociedad democr\u00e1tica avanzada que se supone forma la sustancia de la Naci\u00f3n. Otra, cuando tiene presente la pluralidad presente en ella para respetar &#8230; <a title=\"Cincinatos y la sociedad civil\" class=\"read-more\" href=\"https:\/\/cincinatos.org\/portal\/cincinatos-y-la-sociedad-civil\/\" aria-label=\"M\u00e1s en Cincinatos y la sociedad civil\">Leer m\u00e1s<\/a><\/p>\n","protected":false},"author":8,"featured_media":0,"parent":0,"menu_order":0,"comment_status":"closed","ping_status":"closed","template":"","meta":[],"_links":{"self":[{"href":"https:\/\/cincinatos.org\/portal\/wp-json\/wp\/v2\/pages\/661"}],"collection":[{"href":"https:\/\/cincinatos.org\/portal\/wp-json\/wp\/v2\/pages"}],"about":[{"href":"https:\/\/cincinatos.org\/portal\/wp-json\/wp\/v2\/types\/page"}],"author":[{"embeddable":true,"href":"https:\/\/cincinatos.org\/portal\/wp-json\/wp\/v2\/users\/8"}],"replies":[{"embeddable":true,"href":"https:\/\/cincinatos.org\/portal\/wp-json\/wp\/v2\/comments?post=661"}],"version-history":[{"count":1,"href":"https:\/\/cincinatos.org\/portal\/wp-json\/wp\/v2\/pages\/661\/revisions"}],"predecessor-version":[{"id":663,"href":"https:\/\/cincinatos.org\/portal\/wp-json\/wp\/v2\/pages\/661\/revisions\/663"}],"wp:attachment":[{"href":"https:\/\/cincinatos.org\/portal\/wp-json\/wp\/v2\/media?parent=661"}],"curies":[{"name":"wp","href":"https:\/\/api.w.org\/{rel}","templated":true}]}}